{"id":14895,"date":"2023-03-29T11:03:49","date_gmt":"2023-03-29T15:03:49","guid":{"rendered":"https:\/\/multi-risques.com\/assurances\/directors-and-officers-liability-insurance\/"},"modified":"2025-10-22T10:24:37","modified_gmt":"2025-10-22T14:24:37","slug":"directors-and-officers-liability-insurance","status":"publish","type":"page","link":"https:\/\/multi-risques.com\/en\/business\/products-and-solutions-business\/directors-and-officers-liability-insurance\/","title":{"rendered":"Directors and officers liability insurance"},"content":{"rendered":"\n<header class=\"wp-block-cover alignfull has-white-color has-text-color has-link-color wp-elements-faca59f3e1ea5361ac741827543d8057\"><span aria-hidden=\"true\" class=\"wp-block-cover__background has-background-dim-0 has-background-dim\"><\/span><img decoding=\"async\" width=\"1920\" height=\"1283\" src=\"https:\/\/multi-risques.com\/wp-content\/uploads\/2023\/03\/istock-1363139896.jpg\" class=\"wp-block-cover__image-background wp-post-image\" alt=\"\" data-object-fit=\"cover\" srcset=\"https:\/\/multi-risques.com\/wp-content\/uploads\/2023\/03\/istock-1363139896.jpg 2118w, https:\/\/multi-risques.com\/wp-content\/uploads\/2023\/03\/istock-1363139896-300x200.jpg 300w, https:\/\/multi-risques.com\/wp-content\/uploads\/2023\/03\/istock-1363139896-1024x684.jpg 1024w, https:\/\/multi-risques.com\/wp-content\/uploads\/2023\/03\/istock-1363139896-768x513.jpg 768w, https:\/\/multi-risques.com\/wp-content\/uploads\/2023\/03\/istock-1363139896-1536x1026.jpg 1536w, https:\/\/multi-risques.com\/wp-content\/uploads\/2023\/03\/istock-1363139896-2048x1368.jpg 2048w, https:\/\/multi-risques.com\/wp-content\/uploads\/2023\/03\/istock-1363139896-336x224.jpg 336w\" sizes=\"(max-width: 1920px) 100vw, 1920px\"><div class=\"wp-block-cover__inner-container has-global-padding is-layout-constrained wp-block-cover-is-layout-constrained\">\n<div class=\"wp-block-group alignwide has-global-padding is-content-justification-left is-layout-constrained wp-container-core-group-is-layout-54099046 wp-block-group-is-layout-constrained\">\n<div class=\"wp-block-group has-vert-fonce-background-color has-background has-global-padding is-content-justification-left is-layout-constrained wp-container-core-group-is-layout-8167a653 wp-block-group-is-layout-constrained\" style=\"margin-top:var(--wp--preset--spacing--6);margin-bottom:var(--wp--preset--spacing--6);padding-top:var(--wp--preset--spacing--3);padding-right:var(--wp--preset--spacing--3);padding-bottom:var(--wp--preset--spacing--3);padding-left:var(--wp--preset--spacing--3)\"><div class=\"taxonomy-cke_assurances_types is-style-label is-style-label--1 wp-block-post-terms\"><a href=\"https:\/\/multi-risques.com\/en\/business\/products-and-solutions-business\/\" rel=\"tag\">Other business services<\/a><\/div>\n\n<h1 class=\"wp-block-post-title\">Directors and officers liability insurance<\/h1>\n\n\n<p class=\"is-style-subtitle is-style-subtitle--2\">To stay on the right track<\/p>\n\n\n\n<p>No one is immune to mistakes or bad decisions\u2014not even leaders of an organization. Directors and officers liability insurance is there to protect them in the event of a lawsuit or claim. Directors and officers insurance is there to protect them in the event of a lawsuit or claim. <\/p>\n\n\n\n<div class=\"wp-block-buttons is-layout-flex wp-block-buttons-is-layout-flex\">\n<div class=\"wp-block-button\"><a class=\"wp-block-button__link wp-element-button\" href=\"https:\/\/multi-risques.com\/en\/quote\/insurance-quotes-for-businesses\/\">Get a quote<\/a><\/div>\n<\/div>\n<\/div>\n<\/div>\n<\/div><\/header>\n\n\n\n<section class=\"wp-block-group alignfull has-global-padding is-layout-constrained wp-block-group-is-layout-constrained\" style=\"margin-top:var(--wp--preset--spacing--10);margin-bottom:var(--wp--preset--spacing--10)\">\n<div class=\"wp-block-columns alignwide are-vertically-aligned-center is-layout-flex wp-container-core-columns-is-layout-7c497a14 wp-block-columns-is-layout-flex\">\n<div class=\"wp-block-column is-vertically-aligned-center is-layout-flow wp-block-column-is-layout-flow\" style=\"flex-basis:50%\">\n<figure class=\"wp-block-image size-large\"><img decoding=\"async\" width=\"1024\" height=\"683\" sizes=\"(max-width: min(60rem, 1024px)) 100vw, min(60rem, 1024px)\" src=\"https:\/\/multi-risques.com\/wp-content\/uploads\/2023\/03\/istock-1320919794-1024x683.jpg\" alt=\"\" class=\"wp-image-9657\" style=\"aspect-ratio:1\/1;object-fit:cover\" srcset=\"https:\/\/multi-risques.com\/wp-content\/uploads\/2023\/03\/istock-1320919794-1024x683.jpg 1024w, https:\/\/multi-risques.com\/wp-content\/uploads\/2023\/03\/istock-1320919794-300x200.jpg 300w, https:\/\/multi-risques.com\/wp-content\/uploads\/2023\/03\/istock-1320919794-768x512.jpg 768w, https:\/\/multi-risques.com\/wp-content\/uploads\/2023\/03\/istock-1320919794-336x224.jpg 336w, https:\/\/multi-risques.com\/wp-content\/uploads\/2023\/03\/istock-1320919794.jpg 1253w\" \/><\/figure>\n<\/div>\n\n\n\n<div class=\"wp-block-column is-vertically-aligned-center is-layout-flow wp-block-column-is-layout-flow\" style=\"flex-basis:50%\">\n<article class=\"wp-block-group has-global-padding is-layout-constrained wp-block-group-is-layout-constrained\">\n<h2 class=\"wp-block-heading is-style-default\">What is directors and officers liability insurance?<\/h2>\n\n\n\n<p class=\"is-style-subtitle is-style-subtitle--3\">The purpose of directors and officers liability insurance is to act as a safety net and offer financial compensation to senior managers of an organization if they are personally faced with a lawsuit or claim as a result of an actual or alleged fault committed in the course of their duties.<\/p>\n\n\n\n<p>It provides compensation to cover the damages, settlements and legal defense fees that can result from allegations of wrongdoing and proceedings brought against all types of decision-makers.<\/p>\n\n\n\n<p>Wrongdoing of which they may be accused and which can be <strong>covered by directors and officers liability insurance<\/strong> includes:<\/p>\n\n\n\n<ul class=\"wp-block-list\">\n<li>Irregularities and wrongful acts in terms of recruitment and human resources;<\/li>\n\n\n\n<li>Failure to comply with the law;<\/li>\n\n\n\n<li>False statements made to shareholders, creditors and others;<\/li>\n\n\n\n<li>Financial mismanagement;<\/li>\n\n\n\n<li>Failure to fulfill fiduciary obligations;<\/li>\n\n\n\n<li>Lack of transparency;<\/li>\n\n\n\n<li>Mismanagement;<\/li>\n\n\n\n<li>Conflicts of interest;<\/li>\n\n\n\n<li>etc.<\/li>\n<\/ul>\n\n\n\n<p class=\"has-link-color wp-elements-c8a35de89eadf45dcad2bd0db620698f\">However, it <strong>excludes<\/strong>:<\/p>\n\n\n\n<ul class=\"wp-block-list\">\n<li>Fraud;<\/li>\n\n\n\n<li>Bodily harm;<\/li>\n\n\n\n<li>Property damage;<\/li>\n\n\n\n<li>Current and past litigation;<\/li>\n\n\n\n<li>etc.<\/li>\n<\/ul>\n<\/article>\n<\/div>\n<\/div>\n<\/section>\n\n\n\n<section class=\"wp-block-group alignfull has-global-padding is-layout-constrained wp-block-group-is-layout-constrained\" style=\"margin-top:var(--wp--preset--spacing--10);margin-bottom:var(--wp--preset--spacing--10)\">\n<div class=\"wp-block-columns alignwide are-vertically-aligned-center is-layout-flex wp-container-core-columns-is-layout-7c497a14 wp-block-columns-is-layout-flex\">\n<div class=\"wp-block-column is-vertically-aligned-center is-layout-flow wp-block-column-is-layout-flow\" style=\"flex-basis:50%\">\n<article class=\"wp-block-group has-global-padding is-layout-constrained wp-block-group-is-layout-constrained\">\n<h2 class=\"wp-block-heading is-style-default\">What coverage does this insurance provide?<\/h2>\n\n\n\n<p class=\"is-style-subtitle is-style-subtitle--4\">Directors and officers liability insurance generally has three components:<\/p>\n\n\n\n<ul class=\"wp-block-list\">\n<li>Direct indemnification for directors and officers that protects their personal assets in the event of proceedings brought against them;<\/li>\n\n\n\n<li>Reimbursement for indemnities that the company has paid to officers or directors;<\/li>\n\n\n\n<li>Proceedings brought against the company directly that protect the company against its own losses in the event of a joint lawsuit with the directors and officers.<\/li>\n<\/ul>\n\n\n\n<p class=\"has-link-color wp-elements-86c871928f3652a3b3e7663680cc1a1e\">It is also possible to add optional needs-based additional coverage to the policy<\/p>\n\n\n\n<p class=\"has-link-color wp-elements-9ed854cf3de7bd8a2cee7d81e5714442\">Pour vous assurer d\u2019avoir la couverture ad\u00e9quate pour prot\u00e9ger vos administrateurs et dirigeants, nous vous conseillons de <strong><a href=\"https:\/\/multi-risques.com\/en\/contact-us\/\" data-type=\"page\" data-id=\"228\">discuter avec un de nos courtiers d\u2019assurance 100&nbsp;% ind\u00e9pendants<\/a><\/strong>. Ce dernier pourra proc\u00e9der \u00e0 une analyse exhaustive de la r\u00e9alit\u00e9 de votre entreprise, vous conseiller sur les protections requises et faire les d\u00e9marches aupr\u00e8s des compagnies d\u2019assurance afin de trouver celle qui vous convient, et ce, au meilleur prix possible.<\/p>\n<\/article>\n<\/div>\n\n\n\n<div class=\"wp-block-column is-vertically-aligned-center is-layout-flow wp-block-column-is-layout-flow\" style=\"flex-basis:50%\">\n<figure class=\"wp-block-image size-large\"><img decoding=\"async\" width=\"1024\" height=\"1024\" sizes=\"(max-width: min(60rem, 1024px)) 100vw, min(60rem, 1024px)\" src=\"https:\/\/multi-risques.com\/wp-content\/uploads\/2023\/03\/istock-1225575976-1-1024x1024.jpg\" alt=\"\" class=\"wp-image-9661\" style=\"aspect-ratio:1\/1;object-fit:cover\" srcset=\"https:\/\/multi-risques.com\/wp-content\/uploads\/2023\/03\/istock-1225575976-1-1024x1024.jpg 1024w, https:\/\/multi-risques.com\/wp-content\/uploads\/2023\/03\/istock-1225575976-1-224x224.jpg 224w, https:\/\/multi-risques.com\/wp-content\/uploads\/2023\/03\/istock-1225575976-1-448x448.jpg 448w, https:\/\/multi-risques.com\/wp-content\/uploads\/2023\/03\/istock-1225575976-1-300x300.jpg 300w, https:\/\/multi-risques.com\/wp-content\/uploads\/2023\/03\/istock-1225575976-1-150x150.jpg 150w, https:\/\/multi-risques.com\/wp-content\/uploads\/2023\/03\/istock-1225575976-1-768x768.jpg 768w, https:\/\/multi-risques.com\/wp-content\/uploads\/2023\/03\/istock-1225575976-1-432x432.jpg 432w, https:\/\/multi-risques.com\/wp-content\/uploads\/2023\/03\/istock-1225575976-1-376x376.jpg 376w, https:\/\/multi-risques.com\/wp-content\/uploads\/2023\/03\/istock-1225575976-1-276x276.jpg 276w, https:\/\/multi-risques.com\/wp-content\/uploads\/2023\/03\/istock-1225575976-1-442x442.jpg 442w, https:\/\/multi-risques.com\/wp-content\/uploads\/2023\/03\/istock-1225575976-1-552x552.jpg 552w, https:\/\/multi-risques.com\/wp-content\/uploads\/2023\/03\/istock-1225575976-1-336x336.jpg 336w, https:\/\/multi-risques.com\/wp-content\/uploads\/2023\/03\/istock-1225575976-1.jpg 1165w\" \/><\/figure>\n<\/div>\n<\/div>\n<\/section>\n\n\n\n<section class=\"wp-block-group alignfull has-global-padding is-layout-constrained wp-block-group-is-layout-constrained\" style=\"margin-top:var(--wp--preset--spacing--10);margin-bottom:var(--wp--preset--spacing--10)\">\n<div class=\"wp-block-columns alignwide are-vertically-aligned-center is-layout-flex wp-container-core-columns-is-layout-7c497a14 wp-block-columns-is-layout-flex\">\n<div class=\"wp-block-column is-vertically-aligned-center is-layout-flow wp-block-column-is-layout-flow\" style=\"flex-basis:50%\">\n<figure class=\"wp-block-image size-large\"><img decoding=\"async\" width=\"1024\" height=\"1024\" sizes=\"(max-width: min(60rem, 1024px)) 100vw, min(60rem, 1024px)\" src=\"https:\/\/multi-risques.com\/wp-content\/uploads\/2023\/03\/istock-1355277961-1024x1024.jpg\" alt=\"\" class=\"wp-image-9814\" style=\"aspect-ratio:1\/1;object-fit:cover\" srcset=\"https:\/\/multi-risques.com\/wp-content\/uploads\/2023\/03\/istock-1355277961-1024x1024.jpg 1024w, https:\/\/multi-risques.com\/wp-content\/uploads\/2023\/03\/istock-1355277961-224x224.jpg 224w, https:\/\/multi-risques.com\/wp-content\/uploads\/2023\/03\/istock-1355277961-448x448.jpg 448w, https:\/\/multi-risques.com\/wp-content\/uploads\/2023\/03\/istock-1355277961-300x300.jpg 300w, https:\/\/multi-risques.com\/wp-content\/uploads\/2023\/03\/istock-1355277961-150x150.jpg 150w, https:\/\/multi-risques.com\/wp-content\/uploads\/2023\/03\/istock-1355277961-768x768.jpg 768w, https:\/\/multi-risques.com\/wp-content\/uploads\/2023\/03\/istock-1355277961-432x432.jpg 432w, https:\/\/multi-risques.com\/wp-content\/uploads\/2023\/03\/istock-1355277961-376x376.jpg 376w, https:\/\/multi-risques.com\/wp-content\/uploads\/2023\/03\/istock-1355277961-276x276.jpg 276w, https:\/\/multi-risques.com\/wp-content\/uploads\/2023\/03\/istock-1355277961-442x442.jpg 442w, https:\/\/multi-risques.com\/wp-content\/uploads\/2023\/03\/istock-1355277961-552x552.jpg 552w, https:\/\/multi-risques.com\/wp-content\/uploads\/2023\/03\/istock-1355277961-336x336.jpg 336w, https:\/\/multi-risques.com\/wp-content\/uploads\/2023\/03\/istock-1355277961.jpg 1351w\" \/><\/figure>\n<\/div>\n\n\n\n<div class=\"wp-block-column is-vertically-aligned-center is-layout-flow wp-block-column-is-layout-flow\" style=\"flex-basis:50%\">\n<article class=\"wp-block-group has-global-padding is-layout-constrained wp-block-group-is-layout-constrained\">\n<h2 class=\"wp-block-heading is-style-default\">Who is directors and officers liability insurance for?<\/h2>\n\n\n\n<p class=\"is-style-subtitle is-style-subtitle--5\">Companies of any size can benefit from directors and officers liability insurance.<\/p>\n\n\n\n<p>Each time someone at the head of an organization\u2014no matter its size\u2014makes a decision, they are exposing themselves to lawsuits by creditors, suppliers, customers, competitors, legislators, employees and shareholders. This means that they might need directors and officers liability insurance! <\/p>\n\n\n\n<p class=\"is-style-subtitle is-style-subtitle--6\">Please also note that both commercial companies and non-profit organizations can benefit from this directors and officers insurance. <\/p>\n\n\n\n<p>This can be used to protect members of a board of directors as well as executives of a private company and directors of non-profit organizations.<\/p>\n<\/article>\n<\/div>\n<\/div>\n<\/section>\n\n\n\n<section class=\"wp-block-group alignfull has-global-padding is-layout-constrained wp-block-group-is-layout-constrained\" style=\"margin-top:var(--wp--preset--spacing--10);margin-bottom:var(--wp--preset--spacing--10)\">\n<div class=\"wp-block-columns alignwide are-vertically-aligned-center is-layout-flex wp-container-core-columns-is-layout-7c497a14 wp-block-columns-is-layout-flex\">\n<div class=\"wp-block-column is-vertically-aligned-center is-layout-flow wp-block-column-is-layout-flow\" style=\"flex-basis:50%\">\n<article class=\"wp-block-group has-global-padding is-layout-constrained wp-block-group-is-layout-constrained\">\n<h2 class=\"wp-block-heading is-style-default\">An attraction and retention tool<\/h2>\n\n\n\n<p class=\"is-style-subtitle is-style-subtitle--7\">In addition to reducing the risk of costly corporate lawsuits, directors and officers liability insurance ensures decision-makers\u2019 peace of mind.<\/p>\n\n\n\n<p>With this insurance, they know that their personal assets are protected, which can make it easier to recruit and retain new high-level talent.<\/p>\n<\/article>\n<\/div>\n\n\n\n<div class=\"wp-block-column is-vertically-aligned-center is-layout-flow wp-block-column-is-layout-flow\" style=\"flex-basis:50%\">\n<figure class=\"wp-block-image size-large\"><img decoding=\"async\" width=\"1024\" height=\"1024\" sizes=\"(max-width: min(60rem, 1024px)) 100vw, min(60rem, 1024px)\" src=\"https:\/\/multi-risques.com\/wp-content\/uploads\/2023\/03\/istock-1211381167-1024x1024.jpg\" alt=\"\" class=\"wp-image-9816\" style=\"aspect-ratio:1\/1;object-fit:cover\" srcset=\"https:\/\/multi-risques.com\/wp-content\/uploads\/2023\/03\/istock-1211381167-1024x1024.jpg 1024w, https:\/\/multi-risques.com\/wp-content\/uploads\/2023\/03\/istock-1211381167-224x224.jpg 224w, https:\/\/multi-risques.com\/wp-content\/uploads\/2023\/03\/istock-1211381167-448x448.jpg 448w, https:\/\/multi-risques.com\/wp-content\/uploads\/2023\/03\/istock-1211381167-300x300.jpg 300w, https:\/\/multi-risques.com\/wp-content\/uploads\/2023\/03\/istock-1211381167-150x150.jpg 150w, https:\/\/multi-risques.com\/wp-content\/uploads\/2023\/03\/istock-1211381167-768x768.jpg 768w, https:\/\/multi-risques.com\/wp-content\/uploads\/2023\/03\/istock-1211381167-432x432.jpg 432w, https:\/\/multi-risques.com\/wp-content\/uploads\/2023\/03\/istock-1211381167-376x376.jpg 376w, https:\/\/multi-risques.com\/wp-content\/uploads\/2023\/03\/istock-1211381167-276x276.jpg 276w, https:\/\/multi-risques.com\/wp-content\/uploads\/2023\/03\/istock-1211381167-442x442.jpg 442w, https:\/\/multi-risques.com\/wp-content\/uploads\/2023\/03\/istock-1211381167-552x552.jpg 552w, https:\/\/multi-risques.com\/wp-content\/uploads\/2023\/03\/istock-1211381167-336x336.jpg 336w, https:\/\/multi-risques.com\/wp-content\/uploads\/2023\/03\/istock-1211381167.jpg 1293w\" \/><\/figure>\n<\/div>\n<\/div>\n<\/section>\n\n\n\n<section class=\"wp-block-group alignfull has-offset has-vert-background-color has-background has-global-padding is-layout-constrained wp-block-group-is-layout-constrained\">\n<figure class=\"wp-block-image aligncenter size-full is-resized offset\"><img decoding=\"async\" width=\"225\" height=\"225\" sizes=\"(max-width: min(60rem, 224px)) 100vw, min(60rem, 224px)\" src=\"https:\/\/multi-risques.com\/wp-content\/uploads\/2025\/08\/unnamed-file.png\" alt=\"\" class=\"wp-image-11235\" style=\"width:224px\" srcset=\"https:\/\/multi-risques.com\/wp-content\/uploads\/2025\/08\/unnamed-file.png 225w, https:\/\/multi-risques.com\/wp-content\/uploads\/2025\/08\/unnamed-file-120x120.png 120w\" \/><\/figure>\n\n\n\n<div class=\"wp-block-group has-global-padding is-layout-constrained wp-container-core-group-is-layout-6bea9069 wp-block-group-is-layout-constrained\" style=\"padding-bottom:var(--wp--preset--spacing--6)\">\n<header class=\"wp-block-group alignfull has-global-padding is-layout-constrained wp-container-core-group-is-layout-19e250f3 wp-block-group-is-layout-constrained\">\n<h3 class=\"wp-block-heading alignwide has-text-align-center is-style-small-mark has-white-color has-text-color has-link-color wp-elements-5a174de5f9eb75ebc6a86b71008ad304 is-style-small-mark--8\">Need insurance for your business?<\/h3>\n\n\n\n<h2 class=\"wp-block-heading alignfull has-text-align-center has-vert-fonce-color has-text-color has-link-color has-xxx-large-font-size wp-elements-e546a6412bdc9e4e2791fad7b4d40ff4\" style=\"padding-top:var(--wp--preset--spacing--1-5);padding-bottom:var(--wp--preset--spacing--1);font-style:normal;font-weight:600;line-height:0.9\">We can help you.<\/h2>\n<\/header>\n\n\n\n<p class=\"has-text-align-center\" style=\"padding-top:var(--wp--preset--spacing--2)\">Let our brokers find you the right coverage for your company\u2019s needs.<\/p>\n\n\n\n<div class=\"wp-block-buttons alignwide is-content-justification-center is-layout-flex wp-container-core-buttons-is-layout-a89b3969 wp-block-buttons-is-layout-flex\">\n<div class=\"wp-block-button\"><a class=\"wp-block-button__link has-vert-fonce-color has-text-color has-link-color has-border-color has-vert-fonce-border-color wp-element-button\" href=\"https:\/\/multi-risques.com\/en\/quote\/insurance-quotes-for-businesses\/\">Get a quote<\/a><\/div>\n<\/div>\n<\/div>\n<\/section>\n","protected":false},"excerpt":{"rendered":"No one is immune to mistakes or bad decisions\u2014not even leaders of an organization. Directors and officers liability insurance is there to protect them in the event of a lawsuit or claim. Directors and officers insurance is there to protect them in the event of a lawsuit or claim. ","protected":false},"author":1,"featured_media":9812,"parent":14878,"menu_order":70,"comment_status":"closed","ping_status":"closed","template":"","meta":{"_acf_changed":false,"inline_featured_image":false,"footnotes":""},"cke_assurances_tax":[113],"cke_assurances_types":[71],"cke_post_display":[],"class_list":["post-14895","page","type-page","status-publish","has-post-thumbnail","hentry","cke_assurances_tax-admistrateurs-et-dirigeants","cke_assurances_types-other-business-services"],"acf":[],"mb":[],"mfb_rest_fields":["title"],"_links":{"self":[{"href":"https:\/\/multi-risques.com\/en\/wp-json\/wp\/v2\/pages\/14895","targetHints":{"allow":["GET"]}}],"collection":[{"href":"https:\/\/multi-risques.com\/en\/wp-json\/wp\/v2\/pages"}],"about":[{"href":"https:\/\/multi-risques.com\/en\/wp-json\/wp\/v2\/types\/page"}],"author":[{"embeddable":true,"href":"https:\/\/multi-risques.com\/en\/wp-json\/wp\/v2\/users\/1"}],"replies":[{"embeddable":true,"href":"https:\/\/multi-risques.com\/en\/wp-json\/wp\/v2\/comments?post=14895"}],"version-history":[{"count":0,"href":"https:\/\/multi-risques.com\/en\/wp-json\/wp\/v2\/pages\/14895\/revisions"}],"up":[{"embeddable":true,"href":"https:\/\/multi-risques.com\/en\/wp-json\/wp\/v2\/pages\/14878"}],"wp:featuredmedia":[{"embeddable":true,"href":"https:\/\/multi-risques.com\/en\/wp-json\/wp\/v2\/media\/9812"}],"wp:attachment":[{"href":"https:\/\/multi-risques.com\/en\/wp-json\/wp\/v2\/media?parent=14895"}],"wp:term":[{"taxonomy":"cke_assurances_tax","embeddable":true,"href":"https:\/\/multi-risques.com\/en\/wp-json\/wp\/v2\/cke_assurances_tax?post=14895"},{"taxonomy":"cke_assurances_types","embeddable":true,"href":"https:\/\/multi-risques.com\/en\/wp-json\/wp\/v2\/cke_assurances_types?post=14895"},{"taxonomy":"cke_post_display","embeddable":true,"href":"https:\/\/multi-risques.com\/en\/wp-json\/wp\/v2\/cke_post_display?post=14895"}],"curies":[{"name":"wp","href":"https:\/\/api.w.org\/{rel}","templated":true}]}}